{"id":29,"date":"2016-06-12T12:14:37","date_gmt":"2016-06-12T12:14:37","guid":{"rendered":"http:\/\/www.urbar-teplicany.sk\/?page_id=29"},"modified":"2025-05-27T15:48:22","modified_gmt":"2025-05-27T15:48:22","slug":"oznamy","status":"publish","type":"page","link":"http:\/\/www.urbar-teplicany.sk\/?page_id=29","title":{"rendered":"Oznamy"},"content":{"rendered":"\n<p><strong><u>Pozemkov\u00e9 spolo\u010denstvo <\/u><\/strong><strong><u>P\u00c1NSKY LES a URB\u00c1RTepli\u010dany<\/u><\/strong><\/p>\n\n\n\n<p>044 31&nbsp; Dru\u017estevn\u00e1 pri Horn\u00e1de<\/p>\n\n\n\n<p>\u010clenom<\/p>\n\n\n\n<p>&nbsp;&nbsp;&nbsp;&nbsp;&nbsp;&nbsp;&nbsp;&nbsp;&nbsp;&nbsp;&nbsp;&nbsp;&nbsp;&nbsp;&nbsp;&nbsp;&nbsp;&nbsp;&nbsp;&nbsp;&nbsp;&nbsp;&nbsp;&nbsp;&nbsp;&nbsp;&nbsp;&nbsp;&nbsp;&nbsp;&nbsp;&nbsp;&nbsp;&nbsp;&nbsp;&nbsp;&nbsp;&nbsp;&nbsp;&nbsp;&nbsp;&nbsp;&nbsp;&nbsp;&nbsp;&nbsp;&nbsp;&nbsp;&nbsp;&nbsp;&nbsp;&nbsp;&nbsp;&nbsp;&nbsp;&nbsp;&nbsp;&nbsp;&nbsp;&nbsp;&nbsp;&nbsp;&nbsp;&nbsp;&nbsp;&nbsp;&nbsp;&nbsp;&nbsp;&nbsp;&nbsp;&nbsp;&nbsp;&nbsp;&nbsp;&nbsp;&nbsp;&nbsp;&nbsp;&nbsp;&nbsp;&nbsp;&nbsp;&nbsp;&nbsp;&nbsp;&nbsp;&nbsp;&nbsp;&nbsp;&nbsp;&nbsp;&nbsp;&nbsp;&nbsp; Pozemkov\u00e9ho spolo\u010denstva<\/p>\n\n\n\n<p>&nbsp;&nbsp;&nbsp;&nbsp;&nbsp;&nbsp;&nbsp;&nbsp;&nbsp;&nbsp;&nbsp;&nbsp;&nbsp;&nbsp;&nbsp;&nbsp;&nbsp;&nbsp;&nbsp;&nbsp;&nbsp;&nbsp;&nbsp;&nbsp;&nbsp;&nbsp;&nbsp;&nbsp;&nbsp;&nbsp;&nbsp;&nbsp;&nbsp;&nbsp;&nbsp;&nbsp;&nbsp;&nbsp;&nbsp;&nbsp;&nbsp;&nbsp;&nbsp;&nbsp;&nbsp;&nbsp;&nbsp;&nbsp;&nbsp;&nbsp;&nbsp;&nbsp;&nbsp;&nbsp;&nbsp;&nbsp;&nbsp;&nbsp;&nbsp;&nbsp;&nbsp;&nbsp;&nbsp;&nbsp;&nbsp;&nbsp;&nbsp;&nbsp;&nbsp;&nbsp;&nbsp;&nbsp;&nbsp;&nbsp;&nbsp;&nbsp;&nbsp;&nbsp;&nbsp;&nbsp;&nbsp;&nbsp;&nbsp;&nbsp;&nbsp;&nbsp;&nbsp;&nbsp;&nbsp;&nbsp;&nbsp;&nbsp;&nbsp;&nbsp;&nbsp; Pansk\u00fd les a Urb\u00e1r Tepli\u010dany<\/p>\n\n\n\n<p>Vec: <strong>P o z v \u00e1 n k a<\/strong><strong><\/strong><\/p>\n\n\n\n<p>Poz\u00fdvame V\u00e1s na riadne zasadnutie zhroma\u017edenia \u010dlenov<strong> Pozemkov\u00e9ho spolo\u010denstva Pansk\u00fd les a Urb\u00e1r Tepli\u010dany, <\/strong>ktor\u00e9 sa uskuto\u010dn\u00ed<\/p>\n\n\n\n<p><strong><u>v&nbsp;nede\u013eu 22. j\u00fana 2025 o&nbsp;15<sup>:00<\/sup> h<\/u><\/strong><\/p>\n\n\n\n<p>v&nbsp;kult\u00farnom dome v&nbsp;Dru\u017estevnej pri Horn\u00e1de<\/p>\n\n\n\n<p>prezent\u00e1cia od 14:30 h.<\/p>\n\n\n\n<p>Program:<\/p>\n\n\n\n<ol type=\"1\" start=\"1\">\n<li>Otvorenie a&nbsp;schv\u00e1lenie programu rokovania valn\u00e9ho zhroma\u017edenia.<\/li>\n\n\n\n<li>Vo\u013eba mand\u00e1tovej a n\u00e1vrhovej komisie a&nbsp;overovate\u013ea z\u00e1pisnice.<\/li>\n\n\n\n<li>Spr\u00e1va o&nbsp;\u010dinnosti spolo\u010denstva za r. 2024.<\/li>\n\n\n\n<li>Spr\u00e1va o hospod\u00e1ren\u00ed spolo\u010denstva za r. 2024 a n\u00e1vrh rozpo\u010dtu na rok 2025<\/li>\n\n\n\n<li>Spr\u00e1va dozornej rady.<\/li>\n\n\n\n<li>Spr\u00e1va mand\u00e1tovej komisie o&nbsp;\u00fa\u010dasti na ZZ.<\/li>\n\n\n\n<li>Vo\u013eby\u00a0 v\u00fdboru spolo\u010denstva na obdobie 2026 \u2013 2030 (N\u00e1vrh na kandid\u00e1tov pod\u00e1va v\u00fdbor spolo\u010denstva a\u00a0\u010dlenovia spolo\u010denstva najnesk\u00f4r jeden\u00a0 t\u00fd\u017ede\u0148 pred konan\u00edm ZZ).<\/li>\n\n\n\n<li>Schv\u00e1lenie ro\u010dnej \u00fa\u010dtovnej z\u00e1vierky a &nbsp;n\u00e1vrh na rozdelenie zisku.<\/li>\n\n\n\n<li>Diskusia.<\/li>\n\n\n\n<li>Schv\u00e1lenie uznesenia.<\/li>\n\n\n\n<li>Z\u00e1ver zasadnutia zhroma\u017edenia.<\/li>\n<\/ol>\n\n\n\n<p>Z\u00e1kladn\u00fdm pr\u00e1vom, ale aj povinnos\u0165ou \u010dlena je z\u00fa\u010dast\u0148ova\u0165 sa osobne, alebo prostredn\u00edctvom svojho z\u00e1konn\u00e9ho z\u00e1stupcu rokovania a&nbsp;rozhodovania na zasadnut\u00ed zhroma\u017edenia.<\/p>\n\n\n\n<p>Mnoh\u00ed podielnici maj\u00fa bydlisko mimo s\u00eddla spolo\u010denstva. V\u00fdbor spolo\u010denstva odpor\u00fa\u010da \u010dlenom, ktor\u00ed sa nebud\u00fa m\u00f4c\u0165 osobne z\u00fa\u010dastni\u0165 na zvolanom\u00a0 zasadnut\u00ed zhroma\u017edenia, aby niekoho z\u00a0\u010dlenov \u0161ir\u0161ej rodiny poverili zastupovan\u00edm. Ak na zasadnut\u00ed zhroma\u017edenia nebude dostato\u010dn\u00e1 \u00fa\u010das\u0165 \u010dlenov (nad 50 %), zasadnutie nebude opr\u00e1vnen\u00e9 schv\u00e1li\u0165 prerok\u00favan\u00e9 dokumenty, najm\u00e4 ro\u010dn\u00fa \u00fa\u010dtovn\u00fa z\u00e1vierku a\u00a0teda ani vyplatenie podielov. Dodato\u010dn\u00e9 zvol\u00e1vanie \u010fal\u0161ieho zasadnutia \u010di u\u017e \u010diastkov\u00e9ho alebo n\u00e1hradn\u00e9ho je z\u00a0\u010dasov\u00e9ho h\u013eadiska n\u00e1ro\u010dn\u00e9 a len zbyto\u010dne zvy\u0161uje finan\u010dn\u00e9 n\u00e1klady,  tie\u017e ober\u00e1 o\u00a0\u010das t\u00fdch \u010dlenov \u010do sa z\u00fa\u010dast\u0148uj\u00fa.\u00a0<\/p>\n\n\n\n<p>Upozor\u0148ujeme v\u0161etk\u00fdch, aby pri zmene bydliska vo vlastnom z\u00e1ujme nahl\u00e1sili svoju nov\u00fa adresu v\u00fdboru Pozemkov\u00e9ho spolo\u010denstva.<\/p>\n\n\n\n<p>Kontaktn\u00e1 adresa: Pozemkov\u00e9 spolo\u010denstvo P\u00e1nsky les a&nbsp;Urb\u00e1r Tepli\u010dany, 044 31&nbsp; Dru\u017estevn\u00e1 pri Horn\u00e1de, Hlavn\u00e1 40<\/p>\n\n\n\n<p>Tel: 421&nbsp;915&nbsp;486&nbsp;793, E<em>-mail: <\/em><a href=\"mailto:kralika@zoznam.sk\"><em>urbariat.teplicany@gmail.com<\/em><\/a><\/p>\n\n\n\n<p>Tepli\u010dany21. m\u00e1ja 2025\u00a0\u00a0\u00a0\u00a0\u00a0\u00a0\u00a0\u00a0\u00a0\u00a0\u00a0\u00a0\u00a0\u00a0\u00a0\u00a0\u00a0\u00a0\u00a0\u00a0\u00a0\u00a0\u00a0\u00a0\u00a0\u00a0\u00a0\u00a0\u00a0\u00a0\u00a0\u00a0\u00a0\u00a0\u00a0\u00a0\u00a0\u00a0\u00a0 \u00a0\u00a0\u00a0\u00a0\u00a0\u00a0\u00a0\u00a0\u00a0\u00a0\u00a0\u00a0\u00a0\u00a0\u00a0\u00a0V\u00fdbor Pozemkov\u00e9ho spolo\u010denstva<\/p>\n\n\n\n<p><strong>\u00a0<\/strong><\/p>\n\n\n\n<p>\u00a0\u00a0\u00a0\u00a0\u00a0\u00a0\u00a0\u00a0\u00a0\u00a0\u00a0\u00a0\u00a0\u00a0\u00a0\u00a0\u00a0<\/p>\n\n\n\n<p>&nbsp;&nbsp;&nbsp;&nbsp;&nbsp;&nbsp;&nbsp;&nbsp;&nbsp;&nbsp;&nbsp;&nbsp;&nbsp;&nbsp;&nbsp;&nbsp;&nbsp;&nbsp;&nbsp;&nbsp;&nbsp;&nbsp;&nbsp;&nbsp;&nbsp;<\/p>\n\n\n\n<p><\/p>\n\n\n\n<p> &nbsp;&nbsp; <strong>&nbsp;&nbsp; <\/strong> <\/p>\n\n\n\n<p><\/p>\n\n\n\n<p> &nbsp;&nbsp;&nbsp;&nbsp;&nbsp;&nbsp;&nbsp;&nbsp;&nbsp;&nbsp;&nbsp;&nbsp;&nbsp;&nbsp;&nbsp;&nbsp;&nbsp;&nbsp;&nbsp;&nbsp;&nbsp;&nbsp;&nbsp;&nbsp;&nbsp;&nbsp;&nbsp;&nbsp;&nbsp;&nbsp;&nbsp;&nbsp;&nbsp;&nbsp;&nbsp;&nbsp;&nbsp;&nbsp;&nbsp;&nbsp;&nbsp;&nbsp;&nbsp;&nbsp;&nbsp;&nbsp;&nbsp;&nbsp;&nbsp;&nbsp;&nbsp;  &nbsp;&nbsp;&nbsp;&nbsp;&nbsp;&nbsp;&nbsp;&nbsp;&nbsp;&nbsp;&nbsp;&nbsp;&nbsp;&nbsp;&nbsp;&nbsp;&nbsp;&nbsp;&nbsp;&nbsp;&nbsp;&nbsp;&nbsp;&nbsp;&nbsp;&nbsp;&nbsp;&nbsp;&nbsp;&nbsp;&nbsp;&nbsp;&nbsp;&nbsp;&nbsp;&nbsp;&nbsp;&nbsp;&nbsp;&nbsp;&nbsp;&nbsp;&nbsp;&nbsp;&nbsp; &nbsp;&nbsp;&nbsp;&nbsp; <\/p>\n","protected":false},"excerpt":{"rendered":"<p>Pozemkov\u00e9 spolo\u010denstvo P\u00c1NSKY LES a URB\u00c1RTepli\u010dany 044 31&nbsp; Dru\u017estevn\u00e1 pri Horn\u00e1de \u010clenom &nbsp;&nbsp;&nbsp;&nbsp;&nbsp;&nbsp;&nbsp;&nbsp;&nbsp;&nbsp;&nbsp;&nbsp;&nbsp;&nbsp;&nbsp;&nbsp;&nbsp;&nbsp;&nbsp;&nbsp;&nbsp;&nbsp;&nbsp;&nbsp;&nbsp;&nbsp;&nbsp;&nbsp;&nbsp;&nbsp;&nbsp;&nbsp;&nbsp;&nbsp;&nbsp;&nbsp;&nbsp;&nbsp;&nbsp;&nbsp;&nbsp;&nbsp;&nbsp;&nbsp;&nbsp;&nbsp;&nbsp;&nbsp;&nbsp;&nbsp;&nbsp;&nbsp;&nbsp;&nbsp;&nbsp;&nbsp;&nbsp;&nbsp;&nbsp;&nbsp;&nbsp;&nbsp;&nbsp;&nbsp;&nbsp;&nbsp;&nbsp;&nbsp;&nbsp;&nbsp;&nbsp;&nbsp;&nbsp;&nbsp;&nbsp;&nbsp;&nbsp;&nbsp;&nbsp;&nbsp;&nbsp;&nbsp;&nbsp;&nbsp;&nbsp;&nbsp;&nbsp;&nbsp;&nbsp;&nbsp;&nbsp;&nbsp;&nbsp;&nbsp;&nbsp; Pozemkov\u00e9ho spolo\u010denstva &nbsp;&nbsp;&nbsp;&nbsp;&nbsp;&nbsp;&nbsp;&nbsp;&nbsp;&nbsp;&nbsp;&nbsp;&nbsp;&nbsp;&nbsp;&nbsp;&nbsp;&nbsp;&nbsp;&nbsp;&nbsp;&nbsp;&nbsp;&nbsp;&nbsp;&nbsp;&nbsp;&nbsp;&nbsp;&nbsp;&nbsp;&nbsp;&nbsp;&nbsp;&nbsp;&nbsp;&nbsp;&nbsp;&nbsp;&nbsp;&nbsp;&nbsp;&nbsp;&nbsp;&nbsp;&nbsp;&nbsp;&nbsp;&nbsp;&nbsp;&nbsp;&nbsp;&nbsp;&nbsp;&nbsp;&nbsp;&nbsp;&nbsp;&nbsp;&nbsp;&nbsp;&nbsp;&nbsp;&nbsp;&nbsp;&nbsp;&nbsp;&nbsp;&nbsp;&nbsp;&nbsp;&nbsp;&nbsp;&nbsp;&nbsp;&nbsp;&nbsp;&nbsp;&nbsp;&nbsp;&nbsp;&nbsp;&nbsp;&nbsp;&nbsp;&nbsp;&nbsp;&nbsp;&nbsp;&nbsp;&nbsp;&nbsp;&nbsp;&nbsp;&nbsp; Pansk\u00fd les a Urb\u00e1r Tepli\u010dany Vec: P o z v \u00e1 n k a Poz\u00fdvame V\u00e1s na riadne zasadnutie zhroma\u017edenia \u010dlenov Pozemkov\u00e9ho spolo\u010denstva Pansk\u00fd les a Urb\u00e1r Tepli\u010dany, ktor\u00e9 sa uskuto\u010dn\u00ed v&nbsp;nede\u013eu 22. j\u00fana 2025 o&nbsp;15:00 h v&nbsp;kult\u00farnom dome v&nbsp;Dru\u017estevnej pri Horn\u00e1de prezent\u00e1cia od 14:30 h. Program: Z\u00e1kladn\u00fdm pr\u00e1vom, ale aj povinnos\u0165ou \u010dlena je z\u00fa\u010dast\u0148ova\u0165 sa osobne, alebo prostredn\u00edctvom svojho z\u00e1konn\u00e9ho z\u00e1stupcu rokovania a&nbsp;rozhodovania&#8230;<\/p>\n<p class=\"read-more\"><a class=\"btn btn-default\" href=\"http:\/\/www.urbar-teplicany.sk\/?page_id=29\"> Read More<span class=\"screen-reader-text\">  Read More<\/span><\/a><\/p>\n","protected":false},"author":2,"featured_media":0,"parent":0,"menu_order":0,"comment_status":"closed","ping_status":"closed","template":"","meta":[],"_links":{"self":[{"href":"http:\/\/www.urbar-teplicany.sk\/index.php?rest_route=\/wp\/v2\/pages\/29"}],"collection":[{"href":"http:\/\/www.urbar-teplicany.sk\/index.php?rest_route=\/wp\/v2\/pages"}],"about":[{"href":"http:\/\/www.urbar-teplicany.sk\/index.php?rest_route=\/wp\/v2\/types\/page"}],"author":[{"embeddable":true,"href":"http:\/\/www.urbar-teplicany.sk\/index.php?rest_route=\/wp\/v2\/users\/2"}],"replies":[{"embeddable":true,"href":"http:\/\/www.urbar-teplicany.sk\/index.php?rest_route=%2Fwp%2Fv2%2Fcomments&post=29"}],"version-history":[{"count":39,"href":"http:\/\/www.urbar-teplicany.sk\/index.php?rest_route=\/wp\/v2\/pages\/29\/revisions"}],"predecessor-version":[{"id":358,"href":"http:\/\/www.urbar-teplicany.sk\/index.php?rest_route=\/wp\/v2\/pages\/29\/revisions\/358"}],"wp:attachment":[{"href":"http:\/\/www.urbar-teplicany.sk\/index.php?rest_route=%2Fwp%2Fv2%2Fmedia&parent=29"}],"curies":[{"name":"wp","href":"https:\/\/api.w.org\/{rel}","templated":true}]}}