{"id":41,"date":"2016-06-12T12:15:41","date_gmt":"2016-06-12T12:15:41","guid":{"rendered":"http:\/\/www.urbar-teplicany.sk\/?page_id=41"},"modified":"2025-07-24T13:23:26","modified_gmt":"2025-07-24T13:23:26","slug":"kontakt","status":"publish","type":"page","link":"http:\/\/www.urbar-teplicany.sk\/?page_id=41","title":{"rendered":"Kontakt"},"content":{"rendered":"<p>Pozemkov\u00e9 spolo\u010denstvo Pansk\u00fd les a Urb\u00e1r Tepli\u010dany<br \/>Hlavn\u00e1 40<br \/>044 31 Dru\u017estevn\u00e1 pri Horn\u00e1de<\/p>\n<p>predseda v\u00fdboru PS: \u00a0 Ing. \u0160tefan Eperje\u0161i, CSc.<\/p>\n<p>Tel. \u010d\u00edslo: +421 907 796 874<\/p>\n<p>Spr\u00e1va WEB str\u00e1nky spolo\u010denstva:<br \/>Ing. Anton Kr\u00e1lik, vedie evidenciu vlastn\u00edkov spolo\u010dn\u00fdch nehnute\u013enost\u00ed<br \/>Tel. \u010d\u00edslo: +421\u00a0915 486 793<\/p>\n<p>urbariat.teplicany@gmail.com<\/p>\n\n\n<p>dozornarada.teplicany@gmail.com<\/p>\n","protected":false},"excerpt":{"rendered":"<p>Pozemkov\u00e9 spolo\u010denstvo Pansk\u00fd les a Urb\u00e1r Tepli\u010danyHlavn\u00e1 40044 31 Dru\u017estevn\u00e1 pri Horn\u00e1de predseda v\u00fdboru PS: \u00a0 Ing. \u0160tefan Eperje\u0161i, CSc. Tel. \u010d\u00edslo: +421 907 796 874 Spr\u00e1va WEB str\u00e1nky spolo\u010denstva:Ing. Anton Kr\u00e1lik, vedie evidenciu vlastn\u00edkov spolo\u010dn\u00fdch nehnute\u013enost\u00edTel. \u010d\u00edslo: +421\u00a0915 486 793 urbariat.teplicany@gmail.com dozornarada.teplicany@gmail.com<\/p>\n","protected":false},"author":2,"featured_media":0,"parent":0,"menu_order":0,"comment_status":"closed","ping_status":"closed","template":"","meta":[],"_links":{"self":[{"href":"http:\/\/www.urbar-teplicany.sk\/index.php?rest_route=\/wp\/v2\/pages\/41"}],"collection":[{"href":"http:\/\/www.urbar-teplicany.sk\/index.php?rest_route=\/wp\/v2\/pages"}],"about":[{"href":"http:\/\/www.urbar-teplicany.sk\/index.php?rest_route=\/wp\/v2\/types\/page"}],"author":[{"embeddable":true,"href":"http:\/\/www.urbar-teplicany.sk\/index.php?rest_route=\/wp\/v2\/users\/2"}],"replies":[{"embeddable":true,"href":"http:\/\/www.urbar-teplicany.sk\/index.php?rest_route=%2Fwp%2Fv2%2Fcomments&post=41"}],"version-history":[{"count":11,"href":"http:\/\/www.urbar-teplicany.sk\/index.php?rest_route=\/wp\/v2\/pages\/41\/revisions"}],"predecessor-version":[{"id":371,"href":"http:\/\/www.urbar-teplicany.sk\/index.php?rest_route=\/wp\/v2\/pages\/41\/revisions\/371"}],"wp:attachment":[{"href":"http:\/\/www.urbar-teplicany.sk\/index.php?rest_route=%2Fwp%2Fv2%2Fmedia&parent=41"}],"curies":[{"name":"wp","href":"https:\/\/api.w.org\/{rel}","templated":true}]}}